{"id":911,"date":"2015-01-21T12:28:54","date_gmt":"2015-01-21T11:28:54","guid":{"rendered":"http:\/\/westcoasttrading.se\/?page_id=911"},"modified":"2017-01-14T11:24:51","modified_gmt":"2017-01-14T10:24:51","slug":"pondus-malin-bruhn","status":"publish","type":"page","link":"https:\/\/westcoasttrading.se\/?page_id=911","title":{"rendered":"Atom CML &#8211; Malin Bruhn"},"content":{"rendered":"<div id=\"attachment_1231\" style=\"width: 235px\" class=\"wp-caption alignleft\"><a href=\"https:\/\/media.westcoasttrading.se\/2015\/01\/Atom-CML-12.jpg\"><img aria-describedby=\"caption-attachment-1231\" decoding=\"async\" loading=\"lazy\" class=\"size-medium wp-image-1231\" src=\"https:\/\/media.westcoasttrading.se\/2015\/01\/Atom-CML-12-225x300.jpg\" alt=\"\" width=\"225\" height=\"300\" srcset=\"https:\/\/media.westcoasttrading.se\/2015\/01\/Atom-CML-12-225x300.jpg 225w, https:\/\/media.westcoasttrading.se\/2015\/01\/Atom-CML-12-768x1024.jpg 768w\" sizes=\"(max-width: 225px) 100vw, 225px\" \/><\/a><p id=\"caption-attachment-1231\" class=\"wp-caption-text\">Atom CML alias &#8221;Tomten&#8221;<br \/>e. Figaro R &#8211; Master<br \/>f. 2008<\/p><\/div>\n<p>Varmt V\u00e4lkommen Atom CML<\/p>\n<p>Han \u00e4r f\u00f6dd 2008 -05 -25<br \/>\ne. Figaro R &#8211; Master &#8211; Napoleon<br \/>\nUppf\u00f6dare och tidigare \u00e4gare \u00e4r\u00a0Charlotte &amp; Magnus Liliemark utanf\u00f6r Oskarshamn.<br \/>\nEn h\u00f6grest och v\u00e4ldigt f\u00f6rsynt herre p\u00e5 ca 1.80 i mankh\u00f6jd men v\u00e4rldens sn\u00e4llaste &lt;3<\/p>\n<p>Det \u00e4r ju en stor herre som v\u00e4xt mycket\u00a0men hans uppf\u00f6dare vet hur viktigt det \u00e4r att inte pressa en s\u00e5n h\u00e4r h\u00e4st f\u00f6r tidigt! S\u00e5 d\u00e4rf\u00f6r har han inte g\u00e5tt varken 3-\u00e5rstestet eller n\u00e5gra ungh\u00e4st-championat, f\u00f6r man ans\u00e5g att han var inte redo f\u00f6r det d\u00e5. Guldstj\u00e4rna till dessa uppf\u00f6dare som t\u00e4nker l\u00e5ngsiktigt f\u00f6r h\u00e5llbara h\u00e4star \ud83d\ude42<\/p>\n<p>&nbsp;<\/p>\n<p>Han har g\u00e5tt i skola hos ungh\u00e4stutbildaren Yvonne \u00d6stholm. Han \u00e4r med andra ord inriden och utbildad av ett proffs hela v\u00e4gen fram till f\u00f6rs\u00e4ljningen \ud83d\ude09<br \/>\nDock har inte Yvonne haft s\u00e5 mycket tid att \u00e5ka ut med honom p\u00e5 t\u00e4vlingar s\u00e5 han \u00e4r fortfarande v\u00e4ldigt &#8221;gr\u00f6n&#8221; p\u00e5 den fronten&#8230;. Inte alls det jag skulle ha \ud83d\ude00<\/p>\n<p>Det \u00e4r en v\u00e4ldigt f\u00f6rsynt och blyg herre som inte \u00e4r speciellt v\u00e4rldsvan s\u00e5 vi kommer b\u00f6rja f\u00f6rsiktigt och successivt st\u00e4rka s\u00e5v\u00e4l han kropp men framf\u00f6rallt hans sj\u00e4lvf\u00f6rtroende.<br \/>\nMen en otroligt positiv och arbetsvillig h\u00e4st som l\u00e4ngtar efter massor av k\u00e4rlek och f\u00e5 k\u00e4nna sig som &#8221;The one and only&#8221;\u00a0 &lt;3 &lt;3 &lt;3<\/p>\n<p>Hos Yvonne fick han smeknamnet &#8221;Tomten&#8221; och jag tycker det \u00e4r v\u00e4ldigt passande \ud83d\ude42<\/p>\n<p>V\u00e5rt m\u00e5l \u00e4r att bli stabila i Lilla rundan och n\u00e4r vi n\u00e5tt dit s\u00e5 f\u00e5r vi se vad som h\u00e4nder.. \ud83d\ude09<\/p>\n<p>&nbsp;<\/p>\n","protected":false},"excerpt":{"rendered":"<p>Varmt V\u00e4lkommen Atom CML Han \u00e4r f\u00f6dd 2008 -05 -25 e. Figaro R &#8211; Master &#8211; Napoleon Uppf\u00f6dare och tidigare \u00e4gare \u00e4r\u00a0Charlotte &amp; Magnus Liliemark utanf\u00f6r Oskarshamn. En h\u00f6grest och v\u00e4ldigt f\u00f6rsynt herre p\u00e5 ca 1.80 i mankh\u00f6jd men v\u00e4rldens &hellip; <a href=\"https:\/\/westcoasttrading.se\/?page_id=911\">L\u00e4s mer <span class=\"meta-nav\">&rarr;<\/span><\/a><\/p>\n","protected":false},"author":2,"featured_media":0,"parent":908,"menu_order":1,"comment_status":"open","ping_status":"closed","template":"","meta":[],"_links":{"self":[{"href":"https:\/\/westcoasttrading.se\/index.php?rest_route=\/wp\/v2\/pages\/911"}],"collection":[{"href":"https:\/\/westcoasttrading.se\/index.php?rest_route=\/wp\/v2\/pages"}],"about":[{"href":"https:\/\/westcoasttrading.se\/index.php?rest_route=\/wp\/v2\/types\/page"}],"author":[{"embeddable":true,"href":"https:\/\/westcoasttrading.se\/index.php?rest_route=\/wp\/v2\/users\/2"}],"replies":[{"embeddable":true,"href":"https:\/\/westcoasttrading.se\/index.php?rest_route=%2Fwp%2Fv2%2Fcomments&post=911"}],"version-history":[{"count":13,"href":"https:\/\/westcoasttrading.se\/index.php?rest_route=\/wp\/v2\/pages\/911\/revisions"}],"predecessor-version":[{"id":1235,"href":"https:\/\/westcoasttrading.se\/index.php?rest_route=\/wp\/v2\/pages\/911\/revisions\/1235"}],"up":[{"embeddable":true,"href":"https:\/\/westcoasttrading.se\/index.php?rest_route=\/wp\/v2\/pages\/908"}],"wp:attachment":[{"href":"https:\/\/westcoasttrading.se\/index.php?rest_route=%2Fwp%2Fv2%2Fmedia&parent=911"}],"curies":[{"name":"wp","href":"https:\/\/api.w.org\/{rel}","templated":true}]}}