{"id":925,"date":"2015-01-21T14:32:05","date_gmt":"2015-01-21T13:32:05","guid":{"rendered":"http:\/\/westcoasttrading.se\/?page_id=925"},"modified":"2016-12-15T16:51:08","modified_gmt":"2016-12-15T15:51:08","slug":"lottie-catarina-silversten-2","status":"publish","type":"page","link":"https:\/\/westcoasttrading.se\/?page_id=925","title":{"rendered":"Lottie &#8211; Catarina Silversten"},"content":{"rendered":"<p><a href=\"https:\/\/media.westcoasttrading.se\/2015\/01\/Catarina-+-Lottie.jpg\"><img decoding=\"async\" loading=\"lazy\" class=\"alignleft size-medium wp-image-915\" title=\"Catarina + Lottie\" src=\"https:\/\/media.westcoasttrading.se\/2015\/01\/Catarina-+-Lottie-300x300.jpg\" alt=\"\" width=\"300\" height=\"300\" srcset=\"https:\/\/media.westcoasttrading.se\/2015\/01\/Catarina-+-Lottie-300x300.jpg 300w, https:\/\/media.westcoasttrading.se\/2015\/01\/Catarina-+-Lottie-150x150.jpg 150w, https:\/\/media.westcoasttrading.se\/2015\/01\/Catarina-+-Lottie.jpg 581w\" sizes=\"(max-width: 300px) 100vw, 300px\" \/><\/a>Lolltje fan e Herresyl, till vardags \u00e4ven kallad &#8221;Lottie&#8221;.<br \/>\nLottie \u00e4r ett importerat Frisersto fr\u00e5n Holland och hon \u00e4r f\u00f6dd 2003.<br \/>\nHon \u00e4r premierad 3 g\u00e5nger.<br \/>\nMatte \u00e4r\u00a0i skrivande stund gravid s\u00e5 Lottie motioneras av sin h\u00e4stsk\u00f6tare Savanna och Catarinas syster.<\/p>\n<p>Tyv\u00e4rr\u00a0har Lotti g\u00e5tt bort i akut kolik.. Vila i frid Lottie &lt;3 du \u00e4r saknad&#8230;<br \/>\nVi hoppas matte\/husse kommer tillbaka till oss med ny h\u00e4st i framtiden.. \ud83d\ude42<\/p>\n","protected":false},"excerpt":{"rendered":"<p>Lolltje fan e Herresyl, till vardags \u00e4ven kallad &#8221;Lottie&#8221;. Lottie \u00e4r ett importerat Frisersto fr\u00e5n Holland och hon \u00e4r f\u00f6dd 2003. Hon \u00e4r premierad 3 g\u00e5nger. Matte \u00e4r\u00a0i skrivande stund gravid s\u00e5 Lottie motioneras av sin h\u00e4stsk\u00f6tare Savanna och Catarinas &hellip; <a href=\"https:\/\/westcoasttrading.se\/?page_id=925\">L\u00e4s mer <span class=\"meta-nav\">&rarr;<\/span><\/a><\/p>\n","protected":false},"author":2,"featured_media":0,"parent":908,"menu_order":2,"comment_status":"open","ping_status":"closed","template":"","meta":[],"_links":{"self":[{"href":"https:\/\/westcoasttrading.se\/index.php?rest_route=\/wp\/v2\/pages\/925"}],"collection":[{"href":"https:\/\/westcoasttrading.se\/index.php?rest_route=\/wp\/v2\/pages"}],"about":[{"href":"https:\/\/westcoasttrading.se\/index.php?rest_route=\/wp\/v2\/types\/page"}],"author":[{"embeddable":true,"href":"https:\/\/westcoasttrading.se\/index.php?rest_route=\/wp\/v2\/users\/2"}],"replies":[{"embeddable":true,"href":"https:\/\/westcoasttrading.se\/index.php?rest_route=%2Fwp%2Fv2%2Fcomments&post=925"}],"version-history":[{"count":7,"href":"https:\/\/westcoasttrading.se\/index.php?rest_route=\/wp\/v2\/pages\/925\/revisions"}],"predecessor-version":[{"id":1171,"href":"https:\/\/westcoasttrading.se\/index.php?rest_route=\/wp\/v2\/pages\/925\/revisions\/1171"}],"up":[{"embeddable":true,"href":"https:\/\/westcoasttrading.se\/index.php?rest_route=\/wp\/v2\/pages\/908"}],"wp:attachment":[{"href":"https:\/\/westcoasttrading.se\/index.php?rest_route=%2Fwp%2Fv2%2Fmedia&parent=925"}],"curies":[{"name":"wp","href":"https:\/\/api.w.org\/{rel}","templated":true}]}}