{"id":962,"date":"2015-08-31T06:00:23","date_gmt":"2015-08-31T05:00:23","guid":{"rendered":"http:\/\/westcoasttrading.se\/?page_id=962"},"modified":"2016-03-12T12:49:37","modified_gmt":"2016-03-12T11:49:37","slug":"storebro-till-fyndpris","status":"publish","type":"page","link":"https:\/\/westcoasttrading.se\/?page_id=962","title":{"rendered":"Storebro &#8211; S\u00c5LD"},"content":{"rendered":"<div id=\"attachment_960\" style=\"width: 663px\" class=\"wp-caption aligncenter\"><a href=\"https:\/\/media.westcoasttrading.se\/2015\/08\/Stroebro-sidobild.jpg\"><img aria-describedby=\"caption-attachment-960\" decoding=\"async\" loading=\"lazy\" class=\"size-full wp-image-960\" title=\"Storebro sidobild\" src=\"https:\/\/media.westcoasttrading.se\/2015\/08\/Stroebro-sidobild.jpg\" alt=\"\" width=\"653\" height=\"489\" srcset=\"https:\/\/media.westcoasttrading.se\/2015\/08\/Stroebro-sidobild.jpg 653w, https:\/\/media.westcoasttrading.se\/2015\/08\/Stroebro-sidobild-300x224.jpg 300w\" sizes=\"(max-width: 653px) 100vw, 653px\" \/><\/a><p id=\"caption-attachment-960\" class=\"wp-caption-text\">Storebro<\/p><\/div>\n<p>D\u00e5 vi valt att inte l\u00e4ngre k\u00f6ra charter i WCAB s\u00e5 s\u00e4ljer vi nu\u00a0b\u00e5tarna. Dom redan \u00e4r upptagna och st\u00e5r inomhus p\u00e5\u00a0vinterf\u00f6rvaring s\u00e5 nu g\u00e4ller inte fyndpriserna l\u00e4ngre. Sj\u00e4lvklart \u00e4r dom till salu \u00e4ven under vintern men det \u00e4r f\u00f6rst till v\u00e5ren det g\u00e5r att provk\u00f6ra&#8230;, Tyv\u00e4rr ingen moms p\u00e5 denna b\u00e5t.<\/p>\n","protected":false},"excerpt":{"rendered":"<p>D\u00e5 vi valt att inte l\u00e4ngre k\u00f6ra charter i WCAB s\u00e5 s\u00e4ljer vi nu\u00a0b\u00e5tarna. Dom redan \u00e4r upptagna och st\u00e5r inomhus p\u00e5\u00a0vinterf\u00f6rvaring s\u00e5 nu g\u00e4ller inte fyndpriserna l\u00e4ngre. Sj\u00e4lvklart \u00e4r dom till salu \u00e4ven under vintern men det \u00e4r f\u00f6rst &hellip; <a href=\"https:\/\/westcoasttrading.se\/?page_id=962\">L\u00e4s mer <span class=\"meta-nav\">&rarr;<\/span><\/a><\/p>\n","protected":false},"author":2,"featured_media":0,"parent":54,"menu_order":1,"comment_status":"open","ping_status":"closed","template":"","meta":[],"_links":{"self":[{"href":"https:\/\/westcoasttrading.se\/index.php?rest_route=\/wp\/v2\/pages\/962"}],"collection":[{"href":"https:\/\/westcoasttrading.se\/index.php?rest_route=\/wp\/v2\/pages"}],"about":[{"href":"https:\/\/westcoasttrading.se\/index.php?rest_route=\/wp\/v2\/types\/page"}],"author":[{"embeddable":true,"href":"https:\/\/westcoasttrading.se\/index.php?rest_route=\/wp\/v2\/users\/2"}],"replies":[{"embeddable":true,"href":"https:\/\/westcoasttrading.se\/index.php?rest_route=%2Fwp%2Fv2%2Fcomments&post=962"}],"version-history":[{"count":6,"href":"https:\/\/westcoasttrading.se\/index.php?rest_route=\/wp\/v2\/pages\/962\/revisions"}],"predecessor-version":[{"id":1027,"href":"https:\/\/westcoasttrading.se\/index.php?rest_route=\/wp\/v2\/pages\/962\/revisions\/1027"}],"up":[{"embeddable":true,"href":"https:\/\/westcoasttrading.se\/index.php?rest_route=\/wp\/v2\/pages\/54"}],"wp:attachment":[{"href":"https:\/\/westcoasttrading.se\/index.php?rest_route=%2Fwp%2Fv2%2Fmedia&parent=962"}],"curies":[{"name":"wp","href":"https:\/\/api.w.org\/{rel}","templated":true}]}}