{"id":978,"date":"2015-12-03T14:46:08","date_gmt":"2015-12-03T13:46:08","guid":{"rendered":"http:\/\/westcoasttrading.se\/?page_id=978"},"modified":"2015-12-03T14:58:13","modified_gmt":"2015-12-03T13:58:13","slug":"gunilla-woxius-och-hrodinn","status":"publish","type":"page","link":"https:\/\/westcoasttrading.se\/?page_id=978","title":{"rendered":"Hrodinn &#8211; Gunilla Woxius"},"content":{"rendered":"<p><a href=\"https:\/\/media.westcoasttrading.se\/2015\/12\/Gunilla-Hrodinn.jpg\"><img decoding=\"async\" loading=\"lazy\" class=\"aligncenter size-medium wp-image-980\" title=\"Gunilla &amp; Hrodinn\" src=\"https:\/\/media.westcoasttrading.se\/2015\/12\/Gunilla-Hrodinn-300x300.jpg\" alt=\"\" width=\"300\" height=\"300\" srcset=\"https:\/\/media.westcoasttrading.se\/2015\/12\/Gunilla-Hrodinn-300x300.jpg 300w, https:\/\/media.westcoasttrading.se\/2015\/12\/Gunilla-Hrodinn-150x150.jpg 150w, https:\/\/media.westcoasttrading.se\/2015\/12\/Gunilla-Hrodinn.jpg 640w\" sizes=\"(max-width: 300px) 100vw, 300px\" \/><\/a><\/p>\n<p>Hrodinn \u00e4r en Islandsh\u00e4st f.-92\u00a0som inte f\u00f6rst\u00e5tt att han faktiskt b\u00e5de blivit vuxen och lite till \u00e5ren kommen. Det finns massor av spring i benen och\u00a0han \u00e4lskar fortfarande att jobba varje dag och v\u00e4xer med uppgiften.\u00a0Gunilla tr\u00e4nar Akademisk ridning med Hrodinn och har som m\u00e5l att avl\u00e4gga prov f\u00f6r Bent.<br \/>\nDom tr\u00e4nar f\u00f6r b\u00e5de Bent Brenderup som \u00e4r en grundsten i den akademiska ridningen och som &#8221;hemmatr\u00e4nare&#8221;\u00a0har dom\u00a0en av Bent utbildad AK-tr\u00e4nare som heter\u00a0Elise Nilson.<\/p>\n","protected":false},"excerpt":{"rendered":"<p>Hrodinn \u00e4r en Islandsh\u00e4st f.-92\u00a0som inte f\u00f6rst\u00e5tt att han faktiskt b\u00e5de blivit vuxen och lite till \u00e5ren kommen. Det finns massor av spring i benen och\u00a0han \u00e4lskar fortfarande att jobba varje dag och v\u00e4xer med uppgiften.\u00a0Gunilla tr\u00e4nar Akademisk ridning med &hellip; <a href=\"https:\/\/westcoasttrading.se\/?page_id=978\">L\u00e4s mer <span class=\"meta-nav\">&rarr;<\/span><\/a><\/p>\n","protected":false},"author":2,"featured_media":0,"parent":908,"menu_order":3,"comment_status":"open","ping_status":"closed","template":"","meta":[],"_links":{"self":[{"href":"https:\/\/westcoasttrading.se\/index.php?rest_route=\/wp\/v2\/pages\/978"}],"collection":[{"href":"https:\/\/westcoasttrading.se\/index.php?rest_route=\/wp\/v2\/pages"}],"about":[{"href":"https:\/\/westcoasttrading.se\/index.php?rest_route=\/wp\/v2\/types\/page"}],"author":[{"embeddable":true,"href":"https:\/\/westcoasttrading.se\/index.php?rest_route=\/wp\/v2\/users\/2"}],"replies":[{"embeddable":true,"href":"https:\/\/westcoasttrading.se\/index.php?rest_route=%2Fwp%2Fv2%2Fcomments&post=978"}],"version-history":[{"count":5,"href":"https:\/\/westcoasttrading.se\/index.php?rest_route=\/wp\/v2\/pages\/978\/revisions"}],"predecessor-version":[{"id":987,"href":"https:\/\/westcoasttrading.se\/index.php?rest_route=\/wp\/v2\/pages\/978\/revisions\/987"}],"up":[{"embeddable":true,"href":"https:\/\/westcoasttrading.se\/index.php?rest_route=\/wp\/v2\/pages\/908"}],"wp:attachment":[{"href":"https:\/\/westcoasttrading.se\/index.php?rest_route=%2Fwp%2Fv2%2Fmedia&parent=978"}],"curies":[{"name":"wp","href":"https:\/\/api.w.org\/{rel}","templated":true}]}}