{"id":984,"date":"2015-12-03T14:57:48","date_gmt":"2015-12-03T13:57:48","guid":{"rendered":"http:\/\/westcoasttrading.se\/?page_id=984"},"modified":"2015-12-03T15:28:41","modified_gmt":"2015-12-03T14:28:41","slug":"julia-och-lovisa","status":"publish","type":"page","link":"https:\/\/westcoasttrading.se\/?page_id=984","title":{"rendered":"Julia Star &#8211; Lovisa Eriksson"},"content":{"rendered":"<p><a href=\"https:\/\/media.westcoasttrading.se\/2015\/12\/Julia-Lovisa.jpg\"><img decoding=\"async\" loading=\"lazy\" class=\"aligncenter size-medium wp-image-985\" title=\"Julia &amp; Lovisa\" src=\"https:\/\/media.westcoasttrading.se\/2015\/12\/Julia-Lovisa-300x193.jpg\" alt=\"\" width=\"300\" height=\"193\" srcset=\"https:\/\/media.westcoasttrading.se\/2015\/12\/Julia-Lovisa-300x193.jpg 300w, https:\/\/media.westcoasttrading.se\/2015\/12\/Julia-Lovisa-1024x659.jpg 1024w, https:\/\/media.westcoasttrading.se\/2015\/12\/Julia-Lovisa.jpg 2048w\" sizes=\"(max-width: 300px) 100vw, 300px\" \/><\/a><\/p>\n<p>Julia \u00e4r en Varmblodig travare med lite hum\u00f6r. Hon gillar rutiner och att jobba regelbundet. Idag fungerar hon som hobbyh\u00e4st till sin \u00e4gare och ryttare Lovisa. Dom gillar s\u00e5v\u00e4l att trimma eller hoppa i paddocken som att rida ut i skogen.<\/p>\n","protected":false},"excerpt":{"rendered":"<p>Julia \u00e4r en Varmblodig travare med lite hum\u00f6r. Hon gillar rutiner och att jobba regelbundet. Idag fungerar hon som hobbyh\u00e4st till sin \u00e4gare och ryttare Lovisa. Dom gillar s\u00e5v\u00e4l att trimma eller hoppa i paddocken som att rida ut i &hellip; <a href=\"https:\/\/westcoasttrading.se\/?page_id=984\">L\u00e4s mer <span class=\"meta-nav\">&rarr;<\/span><\/a><\/p>\n","protected":false},"author":2,"featured_media":0,"parent":908,"menu_order":4,"comment_status":"open","ping_status":"closed","template":"","meta":[],"_links":{"self":[{"href":"https:\/\/westcoasttrading.se\/index.php?rest_route=\/wp\/v2\/pages\/984"}],"collection":[{"href":"https:\/\/westcoasttrading.se\/index.php?rest_route=\/wp\/v2\/pages"}],"about":[{"href":"https:\/\/westcoasttrading.se\/index.php?rest_route=\/wp\/v2\/types\/page"}],"author":[{"embeddable":true,"href":"https:\/\/westcoasttrading.se\/index.php?rest_route=\/wp\/v2\/users\/2"}],"replies":[{"embeddable":true,"href":"https:\/\/westcoasttrading.se\/index.php?rest_route=%2Fwp%2Fv2%2Fcomments&post=984"}],"version-history":[{"count":3,"href":"https:\/\/westcoasttrading.se\/index.php?rest_route=\/wp\/v2\/pages\/984\/revisions"}],"predecessor-version":[{"id":1005,"href":"https:\/\/westcoasttrading.se\/index.php?rest_route=\/wp\/v2\/pages\/984\/revisions\/1005"}],"up":[{"embeddable":true,"href":"https:\/\/westcoasttrading.se\/index.php?rest_route=\/wp\/v2\/pages\/908"}],"wp:attachment":[{"href":"https:\/\/westcoasttrading.se\/index.php?rest_route=%2Fwp%2Fv2%2Fmedia&parent=984"}],"curies":[{"name":"wp","href":"https:\/\/api.w.org\/{rel}","templated":true}]}}