{"id":989,"date":"2015-12-03T15:11:51","date_gmt":"2015-12-03T14:11:51","guid":{"rendered":"http:\/\/westcoasttrading.se\/?page_id=989"},"modified":"2015-12-03T15:12:47","modified_gmt":"2015-12-03T14:12:47","slug":"othello-jenny-petersson","status":"publish","type":"page","link":"https:\/\/westcoasttrading.se\/?page_id=989","title":{"rendered":"Othello &#8211; Jenny Petersson"},"content":{"rendered":"<p>Othello eller Otto som han kallas till vardags \u00e4r f.-96. Han \u00e4r e.Goodwill &#8211; Purioso.<br \/>\nN\u00e4r Jenny k\u00f6pte Otto var han en renodlad hopph\u00e4st. Han hade nerverna p\u00e5 utsidan och var lite flyktben\u00e4gen&#8230;<br \/>\nJenny b\u00f6rjade s\u00f6ka efter en alternativ tr\u00e4ningsmetod och har provat sig igenom olika tr\u00e4ningsmetoder f\u00f6r att till slut v\u00e4lja russinen ur kakan och k\u00f6ra sitt eget race. Man kan v\u00e4l s\u00e4ga att det \u00e4r ganska mycket inspirerat fr\u00e5n den Akademiska ridningen.<br \/>\nIdag rids Otto p\u00e5 vanligt tr\u00e4nsbett utan nosgrimma och\u00a0har ett helt annat lugn idag som man blir glad \u00f6ver att se.<br \/>\nF\u00f6r n\u00e5gra \u00e5r sen fick Otto tyv\u00e4rr en ovanlig tandsjukdom som resulterade i att han inte har n\u00e5gra framt\u00e4nder idag. Men han fungerar lika bra f\u00f6r det \ud83d\ude09 Han \u00e4r v\u00e4ldigt charmig n\u00e4r han st\u00e5r och vilar och tungan h\u00e4nger ute \ud83d\ude42 Idag \u00e4r Jenny och Otto glada hobbyryttare som ofta njuter av l\u00e5nga turer i naturen.<\/p>\n","protected":false},"excerpt":{"rendered":"<p>Othello eller Otto som han kallas till vardags \u00e4r f.-96. Han \u00e4r e.Goodwill &#8211; Purioso. N\u00e4r Jenny k\u00f6pte Otto var han en renodlad hopph\u00e4st. Han hade nerverna p\u00e5 utsidan och var lite flyktben\u00e4gen&#8230; Jenny b\u00f6rjade s\u00f6ka efter en alternativ tr\u00e4ningsmetod &hellip; <a href=\"https:\/\/westcoasttrading.se\/?page_id=989\">L\u00e4s mer <span class=\"meta-nav\">&rarr;<\/span><\/a><\/p>\n","protected":false},"author":2,"featured_media":0,"parent":908,"menu_order":5,"comment_status":"open","ping_status":"closed","template":"","meta":[],"_links":{"self":[{"href":"https:\/\/westcoasttrading.se\/index.php?rest_route=\/wp\/v2\/pages\/989"}],"collection":[{"href":"https:\/\/westcoasttrading.se\/index.php?rest_route=\/wp\/v2\/pages"}],"about":[{"href":"https:\/\/westcoasttrading.se\/index.php?rest_route=\/wp\/v2\/types\/page"}],"author":[{"embeddable":true,"href":"https:\/\/westcoasttrading.se\/index.php?rest_route=\/wp\/v2\/users\/2"}],"replies":[{"embeddable":true,"href":"https:\/\/westcoasttrading.se\/index.php?rest_route=%2Fwp%2Fv2%2Fcomments&post=989"}],"version-history":[{"count":4,"href":"https:\/\/westcoasttrading.se\/index.php?rest_route=\/wp\/v2\/pages\/989\/revisions"}],"predecessor-version":[{"id":993,"href":"https:\/\/westcoasttrading.se\/index.php?rest_route=\/wp\/v2\/pages\/989\/revisions\/993"}],"up":[{"embeddable":true,"href":"https:\/\/westcoasttrading.se\/index.php?rest_route=\/wp\/v2\/pages\/908"}],"wp:attachment":[{"href":"https:\/\/westcoasttrading.se\/index.php?rest_route=%2Fwp%2Fv2%2Fmedia&parent=989"}],"curies":[{"name":"wp","href":"https:\/\/api.w.org\/{rel}","templated":true}]}}