{"id":998,"date":"2015-12-03T15:26:54","date_gmt":"2015-12-03T14:26:54","guid":{"rendered":"http:\/\/westcoasttrading.se\/?page_id=998"},"modified":"2016-02-27T08:41:38","modified_gmt":"2016-02-27T07:41:38","slug":"eliza-mikael","status":"publish","type":"page","link":"https:\/\/westcoasttrading.se\/?page_id=998","title":{"rendered":"Eliza &#8211; Gunilla Woxius"},"content":{"rendered":"<p><a href=\"https:\/\/media.westcoasttrading.se\/2015\/12\/Eliza-och-Gunilla.jpg\"><img decoding=\"async\" loading=\"lazy\" class=\"aligncenter size-medium wp-image-999\" title=\"Eliza och Gunilla\" src=\"https:\/\/media.westcoasttrading.se\/2015\/12\/Eliza-och-Gunilla-300x200.jpg\" alt=\"\" width=\"300\" height=\"200\" srcset=\"https:\/\/media.westcoasttrading.se\/2015\/12\/Eliza-och-Gunilla-300x200.jpg 300w, https:\/\/media.westcoasttrading.se\/2015\/12\/Eliza-och-Gunilla.jpg 960w\" sizes=\"(max-width: 300px) 100vw, 300px\" \/><\/a><br \/>\nEliza \u00e4r ett Knabstruper-sto f.-02 som av olika sk\u00e4l haft en tuff tid i livet innan hon k\u00f6ptes av Gunilla och Mikael&#8230;. Under bara ett par \u00e5r s\u00e5 har hon nu hittat balans i livet och v\u00e4xer med sin uppgift inom den akademiska ridningen. Hon\u00a0tr\u00e4nas just nu av b\u00e5de Gunilla och sambon Michael f\u00f6r b\u00e5de Bent och Elise (l\u00e4s mer under Hrodinn)<br \/>\nHon har \u00e4ven jobbat lite extra som modell \ud83d\ude09 Bilder kommer&#8230;<\/p>\n","protected":false},"excerpt":{"rendered":"<p>Eliza \u00e4r ett Knabstruper-sto f.-02 som av olika sk\u00e4l haft en tuff tid i livet innan hon k\u00f6ptes av Gunilla och Mikael&#8230;. Under bara ett par \u00e5r s\u00e5 har hon nu hittat balans i livet och v\u00e4xer med sin uppgift &hellip; <a href=\"https:\/\/westcoasttrading.se\/?page_id=998\">L\u00e4s mer <span class=\"meta-nav\">&rarr;<\/span><\/a><\/p>\n","protected":false},"author":2,"featured_media":0,"parent":908,"menu_order":6,"comment_status":"open","ping_status":"closed","template":"","meta":[],"_links":{"self":[{"href":"https:\/\/westcoasttrading.se\/index.php?rest_route=\/wp\/v2\/pages\/998"}],"collection":[{"href":"https:\/\/westcoasttrading.se\/index.php?rest_route=\/wp\/v2\/pages"}],"about":[{"href":"https:\/\/westcoasttrading.se\/index.php?rest_route=\/wp\/v2\/types\/page"}],"author":[{"embeddable":true,"href":"https:\/\/westcoasttrading.se\/index.php?rest_route=\/wp\/v2\/users\/2"}],"replies":[{"embeddable":true,"href":"https:\/\/westcoasttrading.se\/index.php?rest_route=%2Fwp%2Fv2%2Fcomments&post=998"}],"version-history":[{"count":5,"href":"https:\/\/westcoasttrading.se\/index.php?rest_route=\/wp\/v2\/pages\/998\/revisions"}],"predecessor-version":[{"id":1026,"href":"https:\/\/westcoasttrading.se\/index.php?rest_route=\/wp\/v2\/pages\/998\/revisions\/1026"}],"up":[{"embeddable":true,"href":"https:\/\/westcoasttrading.se\/index.php?rest_route=\/wp\/v2\/pages\/908"}],"wp:attachment":[{"href":"https:\/\/westcoasttrading.se\/index.php?rest_route=%2Fwp%2Fv2%2Fmedia&parent=998"}],"curies":[{"name":"wp","href":"https:\/\/api.w.org\/{rel}","templated":true}]}}